{"id":2586,"date":"2017-03-06T19:10:34","date_gmt":"2017-03-06T18:10:34","guid":{"rendered":"http:\/\/www.laurentpernot.net\/fr\/?page_id=2586"},"modified":"2021-10-07T10:55:28","modified_gmt":"2021-10-07T09:55:28","slug":"shop","status":"publish","type":"page","link":"https:\/\/laurentpernot.net\/fr\/shop\/","title":{"rendered":"SHOP"},"content":{"rendered":"\n<div class=\"wp-block-ftg-gallery\"><!-- Final Tiles Grid Gallery for WordPress v3.6.13 free --><style>#ftg-7474 .tile .icon { color:#ffffff; }#ftg-7474 .ftg-items .loading-bar i { background:#666; }#ftg-7474 .ftg-items .loading-bar { background:#fff; }#ftg-7474 .tile .icon { font-size:12px; }#ftg-7474 .tile .icon { margin: -6px 0 0 -6px; }#ftg-7474 .tile .caption-block .text-wrapper span.text { font-size:12px; }#ftg-7474 .tile .caption-outside .text-wrapper span.text { font-size:12px; }#ftg-7474 .tile .caption-block .text-wrapper span.title { font-size:14px; }#ftg-7474 .tile .caption-outside .text-wrapper span.title { font-size:14px; }#ftg-7474 .tile { background-color: transparent; }#ftg-7474 .tile .caption-block .text-wrapper span.text { color: #ffffff; }#ftg-7474 .tile .caption-block .text-wrapper span.title { color: #ffffff; }#ftg-7474 .tile .caption-outside .text-wrapper span.text { color: #ffffff; }#ftg-7474 .tile .caption-outside .text-wrapper span.title { color: #ffffff; }#ftg-7474 .tile .ftg-social a { color: #ffffff; }#ftg-7474 .tile .caption-block { transition-duration:0.25s; }#ftg-7474 .tile .tile-inner:before { background-color: #000000; }#ftg-7474 .tile .tile-inner:before { background-color: rgba(0, 0, 0, 0.8); }#ftg-7474 .tile:hover img {-moz-transform: ;-webkit-transform: ;-o-transform: ;-ms-transform: ;transform: ;}<\/style><a name=\"74\"><\/a><div class=\"final-tiles-gallery  ftg-hover-enabled caption-inside  caption-none caption-middle caption-center\" id=\"ftg-7474\" style=\"width: 100%\"><div class='ftg-items'><div class='loading-bar'><i><\/i><\/div><div  class='tile ftg-preload  '><a title=\"\" data-lightbox='ftg-7474' rel='ftg-7474'  class=' tile-inner  ftg-lightbox' href=\"https:\/\/laurentpernot.net\/fr\/wp-content\/uploads\/2017\/03\/laurentpernotstudio_after-rain_img-01w.jpg\"  data-rel=\"lightbox-image-0\" data-rl_title=\"\" data-rl_caption=\"\"><img alt='' class='item skip-lazy' data-class='item' data-ftg-source='http:\/\/www.laurentpernot.net\/fr\/wp-content\/uploads\/2017\/03\/laurentpernotstudio_after-rain_img-01w.jpg' src='http:\/\/www.laurentpernot.net\/fr\/wp-content\/uploads\/2017\/03\/laurentpernotstudio_after-rain_img-01w.jpg' width='1000' height='750' \/><\/a><div class='ftg-social'><\/div><\/div><div  class='tile ftg-preload  '><a title=\"\" data-lightbox='ftg-7474' rel='ftg-7474'  class=' tile-inner  ftg-lightbox' href=\"https:\/\/laurentpernot.net\/fr\/wp-content\/uploads\/2017\/03\/laurentpernotstudio_after-rain_img-02w1.jpg\"  data-rel=\"lightbox-image-1\" data-rl_title=\"\" data-rl_caption=\"\"><img alt='' class='item skip-lazy' data-class='item' data-ftg-source='http:\/\/www.laurentpernot.net\/fr\/wp-content\/uploads\/2017\/03\/laurentpernotstudio_after-rain_img-02w1.jpg' src='http:\/\/www.laurentpernot.net\/fr\/wp-content\/uploads\/2017\/03\/laurentpernotstudio_after-rain_img-02w1.jpg' width='1000' height='750' \/><\/a><div class='ftg-social'><\/div><\/div><\/div><\/div><\/div>\n\n\n<p><\/p>\n<p><strong>AFTER&nbsp; RAIN<\/strong> \/ 2016<\/p>\n<p><span style=\"color: #333333;\"> Cadres miniatures, peinture dor\u00e9e, photographies sur papier baryt\u00e9, pastilles adh\u00e9sives<\/span><br><span style=\"color: #333333;\"> Dimension de l\u2019ensemble 25x9cm<\/span><br><span style=\"color: #333333;\"> \u00c9dition 250 exemplaires, num\u00e9rot\u00e9s et sign\u00e9<\/span><\/p>\n<p><span style=\"color: #333333;\">250,00 \u20ac&nbsp;<\/span><\/p>\n<p><span style=\"color: #333333;\"><a href=\"https:\/\/www.laurentpernot.net\/fr\/contact\/\"><span style=\"color: #333333;\">CONTACT<\/span><\/a> pour la commande, le r\u00e8glement et l&#8217;exp\u00e9dition<\/span><\/p>\n<p><span style=\"color: #333333;\">Le tarif affich\u00e9 est hors frais d&#8217;exp\u00e9dition et inclut la TVA, d\u00e9duite en cas de livraison hors de l&#8217;Union Europ\u00e9enne. D\u00e9lais de livraison de 1 \u00e0 4 semaines.<\/span><\/p>\n<p><\/p>\n\n\n<hr class=\"wp-block-separator\"\/>\n\n\n\n<div class=\"wp-block-ftg-gallery\"><!-- Final Tiles Grid Gallery for WordPress v3.6.13 free --><style>#ftg-2020 .tile .icon { color:#ffffff; }#ftg-2020 .ftg-items .loading-bar i { background:#666; }#ftg-2020 .ftg-items .loading-bar { background:#fff; }#ftg-2020 .tile .icon { font-size:12px; }#ftg-2020 .tile .icon { margin: -6px 0 0 -6px; }#ftg-2020 .tile .caption-block .text-wrapper span.text { font-size:12px; }#ftg-2020 .tile .caption-outside .text-wrapper span.text { font-size:12px; }#ftg-2020 .tile .caption-block .text-wrapper span.title { font-size:14px; }#ftg-2020 .tile .caption-outside .text-wrapper span.title { font-size:14px; }#ftg-2020 .tile { background-color: transparent; }#ftg-2020 .tile .caption-block .text-wrapper span.text { color: #ffffff; }#ftg-2020 .tile .caption-block .text-wrapper span.title { color: #ffffff; }#ftg-2020 .tile .caption-outside .text-wrapper span.text { color: #ffffff; }#ftg-2020 .tile .caption-outside .text-wrapper span.title { color: #ffffff; }#ftg-2020 .tile .ftg-social a { color: #ffffff; }#ftg-2020 .tile .caption-block { transition-duration:0.25s; }#ftg-2020 .tile .tile-inner:before { background-color: #000000; }#ftg-2020 .tile .tile-inner:before { background-color: rgba(0, 0, 0, 0.8); }#ftg-2020 .tile:hover img {-moz-transform: ;-webkit-transform: ;-o-transform: ;-ms-transform: ;transform: ;}<\/style><a name=\"20\"><\/a><div class=\"final-tiles-gallery  ftg-hover-enabled caption-inside  caption-none caption-middle caption-center\" id=\"ftg-2020\" style=\"width: 100%\"><div class='ftg-items'><div class='loading-bar'><i><\/i><\/div><div  class='tile ftg-preload  '><a title=\"\" data-lightbox='ftg-2020' rel='ftg-2020'  class=' tile-inner  ftg-lightbox' href=\"https:\/\/laurentpernot.net\/fr\/wp-content\/uploads\/2020\/01\/PERNOT_THE-KISS_VUE-02w.jpg\"  data-rel=\"lightbox-image-2\" data-rl_title=\"\" data-rl_caption=\"\"><img alt='' class='item skip-lazy' data-class='item' data-ftg-source='http:\/\/www.laurentpernot.net\/fr\/wp-content\/uploads\/2020\/01\/PERNOT_THE-KISS_VUE-02w.jpg' src='http:\/\/www.laurentpernot.net\/fr\/wp-content\/uploads\/2020\/01\/PERNOT_THE-KISS_VUE-02w.jpg' width='900' height='900' \/><\/a><div class='ftg-social'><\/div><\/div><div  class='tile ftg-preload  '><a title=\"\" data-lightbox='ftg-2020' rel='ftg-2020'  class=' tile-inner  ftg-lightbox' href=\"https:\/\/laurentpernot.net\/fr\/wp-content\/uploads\/2020\/01\/PERNOT_THE-KISS_VUE-03w.jpg\"  data-rel=\"lightbox-image-3\" data-rl_title=\"\" data-rl_caption=\"\"><img alt='' class='item skip-lazy' data-class='item' data-ftg-source='http:\/\/www.laurentpernot.net\/fr\/wp-content\/uploads\/2020\/01\/PERNOT_THE-KISS_VUE-03w.jpg' src='http:\/\/www.laurentpernot.net\/fr\/wp-content\/uploads\/2020\/01\/PERNOT_THE-KISS_VUE-03w.jpg' width='1000' height='750' \/><\/a><div class='ftg-social'><\/div><\/div><div  class='tile ftg-preload  '><a title=\"\" data-lightbox='ftg-2020' rel='ftg-2020'  class=' tile-inner  ftg-lightbox' href=\"https:\/\/laurentpernot.net\/fr\/wp-content\/uploads\/2020\/01\/PERNOT_THE-KISS_VUE-04w.jpg\"  data-rel=\"lightbox-image-4\" data-rl_title=\"\" data-rl_caption=\"\"><img alt='' class='item skip-lazy' data-class='item' data-ftg-source='http:\/\/www.laurentpernot.net\/fr\/wp-content\/uploads\/2020\/01\/PERNOT_THE-KISS_VUE-04w.jpg' src='http:\/\/www.laurentpernot.net\/fr\/wp-content\/uploads\/2020\/01\/PERNOT_THE-KISS_VUE-04w.jpg' width='1000' height='750' \/><\/a><div class='ftg-social'><\/div><\/div><\/div><\/div><\/div>\n\n\n<p>\u00a0<\/p>\n<p><strong>THE KISS<\/strong> \/ 2020<\/p>\n<p><span style=\"color: #333333;\"> Sculpture<br \/>Bouches sculpt\u00e9es par l&#8217;artiste<br \/><\/span><span style=\"color: #333333;\">Dimension de l\u2019ensemble 12x30cm<br \/><\/span><span style=\"color: #333333;\">\u00c9dition de 300 exemplaires<br \/>Pl\u00e2tre polyester (photo), cha\u00eenette laiton dor\u00e9e, clou laiton : TARIF SUR DEMANDE<br \/><\/span><\/p>\n<p style=\"text-align: left;\">Version bronze \u00e9dition limit\u00e9e \u00e0 8 exemplaires, cha\u00eenette laiton dor\u00e9e, clou bronze : TARIF SUR DEMANDE<\/p>\n<p><span style=\"color: #333333;\"><a href=\"https:\/\/www.laurentpernot.net\/fr\/contact\/\"><span style=\"color: #333333;\">CONTACT<\/span><\/a> pour la commande, le r\u00e8glement et l&#8217;exp\u00e9dition<\/span><\/p>\n<p><span style=\"color: #333333;\">Les tarifs sont hors frais d&#8217;exp\u00e9dition et incluent la TVA, d\u00e9duite en cas de livraison hors de l&#8217;Union Europ\u00e9enne. D\u00e9lais de livraison de 1 \u00e0 4 semaines.<\/span><\/p>\n<p>\u00a0<\/p>\n\n\n<hr class=\"wp-block-separator\"\/>\n\n\n\n<div class=\"wp-block-ftg-gallery\"><!-- Final Tiles Grid Gallery for WordPress v3.6.13 free --><style>#ftg-7676 .tile .icon { color:#ffffff; }#ftg-7676 .ftg-items .loading-bar i { background:#666; }#ftg-7676 .ftg-items .loading-bar { background:#fff; }#ftg-7676 .tile .icon { font-size:12px; }#ftg-7676 .tile .icon { margin: -6px 0 0 -6px; }#ftg-7676 .tile .caption-block .text-wrapper span.text { font-size:12px; }#ftg-7676 .tile .caption-outside .text-wrapper span.text { font-size:12px; }#ftg-7676 .tile .caption-block .text-wrapper span.title { font-size:14px; }#ftg-7676 .tile .caption-outside .text-wrapper span.title { font-size:14px; }#ftg-7676 .tile { background-color: transparent; }#ftg-7676 .tile .caption-block .text-wrapper span.text { color: #ffffff; }#ftg-7676 .tile .caption-block .text-wrapper span.title { color: #ffffff; }#ftg-7676 .tile .caption-outside .text-wrapper span.text { color: #ffffff; }#ftg-7676 .tile .caption-outside .text-wrapper span.title { color: #ffffff; }#ftg-7676 .tile .ftg-social a { color: #ffffff; }#ftg-7676 .tile .caption-block { transition-duration:0.25s; }#ftg-7676 .tile .tile-inner:before { background-color: #000000; }#ftg-7676 .tile .tile-inner:before { background-color: rgba(0, 0, 0, 0.8); }#ftg-7676 .tile:hover img {-moz-transform: ;-webkit-transform: ;-o-transform: ;-ms-transform: ;transform: ;}<\/style><a name=\"76\"><\/a><div class=\"final-tiles-gallery  ftg-hover-enabled caption-inside  caption-none caption-middle caption-center\" id=\"ftg-7676\" style=\"width: 100%\"><div class='ftg-items'><div class='loading-bar'><i><\/i><\/div><div  class='tile ftg-preload  '><a title=\"\" data-lightbox='ftg-7676' rel='ftg-7676'  class=' tile-inner  ftg-lightbox' href=\"https:\/\/laurentpernot.net\/fr\/wp-content\/uploads\/2020\/01\/PERNOT_EYE_VUE03w.jpg\"  data-rel=\"lightbox-image-5\" data-rl_title=\"\" data-rl_caption=\"\"><img alt='' class='item skip-lazy' data-class='item' data-ftg-source='http:\/\/www.laurentpernot.net\/fr\/wp-content\/uploads\/2020\/01\/PERNOT_EYE_VUE03w.jpg' src='http:\/\/www.laurentpernot.net\/fr\/wp-content\/uploads\/2020\/01\/PERNOT_EYE_VUE03w.jpg' width='1000' height='751' \/><\/a><div class='ftg-social'><\/div><\/div><div  class='tile ftg-preload  '><a title=\"\" data-lightbox='ftg-7676' rel='ftg-7676'  class=' tile-inner  ftg-lightbox' href=\"https:\/\/laurentpernot.net\/fr\/wp-content\/uploads\/2020\/01\/PERNOT_EYE_VUE06w.jpg\"  data-rel=\"lightbox-image-6\" data-rl_title=\"\" data-rl_caption=\"\"><img alt='' class='item skip-lazy' data-class='item' data-ftg-source='http:\/\/www.laurentpernot.net\/fr\/wp-content\/uploads\/2020\/01\/PERNOT_EYE_VUE06w.jpg' src='http:\/\/www.laurentpernot.net\/fr\/wp-content\/uploads\/2020\/01\/PERNOT_EYE_VUE06w.jpg' width='710' height='1000' \/><\/a><div class='ftg-social'><\/div><\/div><div  class='tile ftg-preload  '><a title=\"\" data-lightbox='ftg-7676' rel='ftg-7676'  class=' tile-inner  ftg-lightbox' href=\"https:\/\/laurentpernot.net\/fr\/wp-content\/uploads\/2020\/01\/PERNOT_EYE_VUE05w.jpg\"  data-rel=\"lightbox-image-7\" data-rl_title=\"\" data-rl_caption=\"\"><img alt='' class='item skip-lazy' data-class='item' data-ftg-source='http:\/\/www.laurentpernot.net\/fr\/wp-content\/uploads\/2020\/01\/PERNOT_EYE_VUE05w.jpg' src='http:\/\/www.laurentpernot.net\/fr\/wp-content\/uploads\/2020\/01\/PERNOT_EYE_VUE05w.jpg' width='1000' height='751' \/><\/a><div class='ftg-social'><\/div><\/div><\/div><\/div><\/div>\n\n\n\n<p><strong>LA VISION<\/strong> \/ 2020<\/p>\n\n\n\n<p>Sculpture <br>Multiple d&#8217;artiste<br>Dimension de l\u2019ensemble H34xL15xP8cm <br>\u00c9dition de 300 exemplaires<br>Pierre reconstitu\u00e9e, socle acier peint, bougie : TARIF SUR DEMANDE<\/p>\n\n\n\n<p><a href=\"https:\/\/www.laurentpernot.net\/fr\/contact\/\">CONTACT<\/a> pour la commande, le r\u00e8glement et l&#8217;exp\u00e9dition<\/p>\n\n\n\n<p>Les tarifs sont hors frais d&#8217;exp\u00e9dition et incluent la TVA, d\u00e9duite en cas de livraison hors de l&#8217;Union Europ\u00e9enne. D\u00e9lais de livraison de 1 \u00e0 4 semaines.<\/p>\n\n\n\n<p> <\/p>\n","protected":false},"excerpt":{"rendered":"<p>AFTER&nbsp; RAIN \/ 2016 Cadres miniatures, peinture dor\u00e9e, photographies sur papier baryt\u00e9, pastilles adh\u00e9sives Dimension de l\u2019ensemble 25x9cm \u00c9dition 250 exemplaires, num\u00e9rot\u00e9s et sign\u00e9 250,00 \u20ac&nbsp; CONTACT pour la commande, le r\u00e8glement et l&#8217;exp\u00e9dition Le tarif affich\u00e9 est hors frais d&#8217;exp\u00e9dition et inclut la TVA, d\u00e9duite en cas de livraison hors de l&#8217;Union Europ\u00e9enne. D\u00e9lais [&hellip;]<\/p>\n","protected":false},"author":1,"featured_media":0,"parent":0,"menu_order":0,"comment_status":"closed","ping_status":"closed","template":"","meta":{"footnotes":""},"class_list":["post-2586","page","type-page","status-publish","hentry"],"_links":{"self":[{"href":"https:\/\/laurentpernot.net\/fr\/wp-json\/wp\/v2\/pages\/2586","targetHints":{"allow":["GET"]}}],"collection":[{"href":"https:\/\/laurentpernot.net\/fr\/wp-json\/wp\/v2\/pages"}],"about":[{"href":"https:\/\/laurentpernot.net\/fr\/wp-json\/wp\/v2\/types\/page"}],"author":[{"embeddable":true,"href":"https:\/\/laurentpernot.net\/fr\/wp-json\/wp\/v2\/users\/1"}],"replies":[{"embeddable":true,"href":"https:\/\/laurentpernot.net\/fr\/wp-json\/wp\/v2\/comments?post=2586"}],"version-history":[{"count":14,"href":"https:\/\/laurentpernot.net\/fr\/wp-json\/wp\/v2\/pages\/2586\/revisions"}],"predecessor-version":[{"id":5016,"href":"https:\/\/laurentpernot.net\/fr\/wp-json\/wp\/v2\/pages\/2586\/revisions\/5016"}],"wp:attachment":[{"href":"https:\/\/laurentpernot.net\/fr\/wp-json\/wp\/v2\/media?parent=2586"}],"curies":[{"name":"wp","href":"https:\/\/api.w.org\/{rel}","templated":true}]}}