{"id":763,"date":"2013-03-05T11:53:37","date_gmt":"2013-03-05T10:53:37","guid":{"rendered":"http:\/\/www.laurentpernot.net\/fr\/?page_id=763"},"modified":"2025-09-03T17:50:54","modified_gmt":"2025-09-03T16:50:54","slug":"catalogues","status":"publish","type":"page","link":"https:\/\/laurentpernot.net\/fr\/catalogues\/","title":{"rendered":"BOOKS"},"content":{"rendered":"<p><span style=\"color: #333333;\"><a href=\"http:\/\/www.laurentpernot.net\/fr\/wp-content\/uploads\/2013\/03\/laurentpernot_catalogue_editions-du-regard.jpg\" data-rel=\"lightbox-image-0\" data-rl_title=\"\" data-rl_caption=\"\" title=\"\"><span style=\"color: #333333;\"><img loading=\"lazy\" decoding=\"async\" class=\"alignnone size-full wp-image-764\" src=\"http:\/\/www.laurentpernot.net\/fr\/wp-content\/uploads\/2013\/03\/laurentpernot_catalogue_editions-du-regard.jpg\" alt=\"laurentpernot_catalogue_editions-du-regard\" width=\"283\" height=\"385\" srcset=\"https:\/\/laurentpernot.net\/fr\/wp-content\/uploads\/2013\/03\/laurentpernot_catalogue_editions-du-regard.jpg 283w, https:\/\/laurentpernot.net\/fr\/wp-content\/uploads\/2013\/03\/laurentpernot_catalogue_editions-du-regard-147x200.jpg 147w\" sizes=\"auto, (max-width: 283px) 100vw, 283px\" \/><\/span><\/a><\/span><\/p>\n<p><span style=\"color: #333333;\"><strong>LAURENT PERNOT<\/strong> \/ EDITIONS DU REGARD<\/span><br \/><span style=\"color: #333333;\"> Collection SAM ART PROJECTS<\/span><\/p>\n<p><span style=\"text-decoration: underline; color: #333333;\">Textes par<\/span><br \/><span style=\"color: #333333;\"> Angelo Oswaldo de Araujo Santos, B\u00e9n\u00e9dicte Ramade<\/span><\/p>\n<p><span style=\"text-decoration: underline; color: #333333;\">R\u00e9alis\u00e9 avec le soutien de<\/span><br \/><span style=\"color: #333333;\"> SAM Art Projects ; Galerie Odile Ouizeman Paris<\/span><\/p>\n<p><span style=\"color: #333333;\">Fiche Technique<\/span><br \/><span style=\"color: #333333;\"> Format W 17 x H 23 cm, 80 Pages<\/span><br \/><span style=\"color: #333333;\"> Impression Couleur<\/span><br \/><span style=\"color: #333333;\">Publication Janvier 2012<\/span><br \/><span style=\"color: #333333;\"> Bilingue Fr\/En<\/span><\/p>\n<p><span style=\"color: #333333;\">Pour tout demande relative \u00e0 l\u2019achat du catalogue : assistant@samartprojects.org &#8211; 01 79 97 01 60<\/span><\/p>\n<p><span style=\"color: #333333;\">\u00a0___________________________________________________________________<\/span><\/p>\n<p><span style=\"color: #333333;\"><a href=\"http:\/\/www.laurentpernot.net\/fr\/wp-content\/uploads\/2013\/03\/laurentpernot_catalogue_monografik.jpg\" data-rel=\"lightbox-image-1\" data-rl_title=\"\" data-rl_caption=\"\" title=\"\"><span style=\"color: #333333;\"><img loading=\"lazy\" decoding=\"async\" class=\"alignnone size-full wp-image-765\" src=\"http:\/\/www.laurentpernot.net\/fr\/wp-content\/uploads\/2013\/03\/laurentpernot_catalogue_monografik.jpg\" alt=\"laurentpernot_catalogue_monografik\" width=\"283\" height=\"417\" srcset=\"https:\/\/laurentpernot.net\/fr\/wp-content\/uploads\/2013\/03\/laurentpernot_catalogue_monografik.jpg 283w, https:\/\/laurentpernot.net\/fr\/wp-content\/uploads\/2013\/03\/laurentpernot_catalogue_monografik-135x200.jpg 135w\" sizes=\"auto, (max-width: 283px) 100vw, 283px\" \/><\/span><\/a><\/span><\/p>\n<p><span style=\"color: #333333;\"><strong>LAURENT PERNOT <\/strong>\/ LE GAC PRESS &#8211; MONOGRAFIK EDITIONS<\/span><\/p>\n<p><span style=\"text-decoration: underline; color: #333333;\">Textes par<\/span><br \/><span style=\"color: #333333;\"> Claude L\u00e9v\u00eaque, Vanessa Morisset, Sandra Mulliez, Damien Sausset<\/span><\/p>\n<p>Pr\u00e9fac\u00e9 opportun\u00e9ment par Claude L\u00e9v\u00eaque, cet ouvrage, r\u00e9alis\u00e9 dans le cadre de l\u2019exposition <em>In Between<\/em>, \u00e0 la galerie municipale du Rutebeuf de Clichy-la-Garenne, concourt \u00e0 exhumer le myst\u00e8re et la po\u00e9sie des \u0153uvres qu\u2019il contient. Le tr\u00e8s beau texte de Damien Sausset d\u00e9crypte l\u2019univers sombre, \u00e9pur\u00e9 et silencieux de Laurent Pernot, dont les \u0153uvres \u00e9nigmatiques et intrigantes, s\u2019inscrivant dans un continuum espace-temps, interrogent la porosit\u00e9 entre le r\u00e9el et le r\u00eave, l\u2019imaginaire et le n\u00e9ant. Compl\u00e9t\u00e9 par un entretien \u00e9crit par mail avec l\u2019artiste, le catalogue tente une r\u00e9conciliation avec les t\u00e9n\u00e8bres \u2014\u00e0 une \u00e9poque, propice aux \u00ab n\u00e9cromants \u00bb, o\u00f9 la rencontre miraculeuse entre le vivant et l\u2019inerte semble apaiser les esprits. <em>C.O.<\/em><\/p>\n<p><span style=\"text-decoration: underline; color: #333333;\">R\u00e9alis\u00e9 avec le soutien de<\/span><br \/><span style=\"color: #333333;\"> Centre national des arts plastiques (CNAP); Galerie de Rutebeuf, Clichy la Garenne; Galerie Odile Ouizeman, Paris<\/span><\/p>\n<p><span style=\"text-decoration: underline; color: #333333;\">Fiche Technique<\/span><br \/><span style=\"color: #333333;\"> Format W 16 x H 24 cm, 144 Pages<\/span><br \/><span style=\"color: #333333;\"> Impression Couleur<\/span><br \/><span style=\"color: #333333;\">Publication janvier 2011<\/span><br \/><span style=\"color: #333333;\"> Reliure Broch\u00e9<\/span><br \/><span style=\"color: #333333;\"> Bilingue Fr\/En<\/span><\/p>\n<p><span style=\"color: #333333;\">Catalogue \u00e9puis\u00e9 \u00e0 la vente, disponible au Pavillon Vend\u00f4me &#8211; Centre d&#8217;art contemporain, Clichy-la-Garenne<\/span><\/p>\n<p>___________________________________________________________________<\/p>\n<p><span style=\"color: #333333;\"><a href=\"http:\/\/www.laurentpernot.net\/fr\/wp-content\/uploads\/2013\/03\/laurentpernot_catalogue_annee-lumiere.jpg\" data-rel=\"lightbox-image-2\" data-rl_title=\"\" data-rl_caption=\"\" title=\"\"><span style=\"color: #333333;\"><img loading=\"lazy\" decoding=\"async\" class=\"alignnone size-full wp-image-1839\" src=\"http:\/\/www.laurentpernot.net\/fr\/wp-content\/uploads\/2013\/03\/laurentpernot_catalogue_annee-lumiere.jpg\" alt=\"laurentpernot_catalogue_annee-lumiere\" width=\"283\" height=\"436\" srcset=\"https:\/\/laurentpernot.net\/fr\/wp-content\/uploads\/2013\/03\/laurentpernot_catalogue_annee-lumiere.jpg 283w, https:\/\/laurentpernot.net\/fr\/wp-content\/uploads\/2013\/03\/laurentpernot_catalogue_annee-lumiere-129x200.jpg 129w\" sizes=\"auto, (max-width: 283px) 100vw, 283px\" \/><\/span><\/a><\/span><\/p>\n<p><span style=\"color: #333333;\"><strong>LAURENT PERNOT<\/strong> \/ UNE ANN\u00c9E LUMI\u00c8RE A LA FILATURE <\/span><\/p>\n<p><span style=\"color: #333333;\"><span style=\"text-decoration: underline;\">Introduction<\/span> Laurent Pernot<\/span><\/p>\n<p><span style=\"color: #333333;\"><span style=\"text-decoration: underline;\">Direction de publication<\/span> La Filature Sc\u00e8ne nationale &#8211; Mulhouse<\/span><\/p>\n<p><span style=\"text-decoration: underline; color: #333333;\">Fiche Technique<\/span><br \/><span style=\"color: #333333;\"> Format W 12,5 x H 19 cm, 48 Pages<\/span><br \/><span style=\"color: #333333;\"> Impression Couleur<\/span><br \/><span style=\"color: #333333;\"> Langue Fr<\/span><\/p>\n<p>___________________________________________________________________<\/p>\n<p><img loading=\"lazy\" decoding=\"async\" class=\"alignnone size-full wp-image-4351\" src=\"http:\/\/www.laurentpernot.net\/fr\/wp-content\/uploads\/2019\/02\/EDITION_couv.jpg\" alt=\"\" width=\"300\" height=\"413\" data-id=\"4351\" srcset=\"https:\/\/laurentpernot.net\/fr\/wp-content\/uploads\/2019\/02\/EDITION_couv.jpg 300w, https:\/\/laurentpernot.net\/fr\/wp-content\/uploads\/2019\/02\/EDITION_couv-145x200.jpg 145w\" sizes=\"auto, (max-width: 300px) 100vw, 300px\" \/><\/p>\n<p><strong>82 JOURS A L&#8217;ARMURIER<\/strong>, par Arthur Dreyfus et Laurent Pernot<\/p>\n<p>\u00c9dition Ville de Colomiers &#8211; Pavillon Blanc Henri Molina, M\u00e9diath\u00e8que I Centre d&#8217;art de Colomiers<\/p>\n<p>Cr\u00e9ation litt\u00e9raire par Arthur Dreyfus &amp; Installation artistique par Laurent Pernot<\/p>\n<p>Format W16 x H22cm, 72 pages<br \/>Impression couleur<br \/>Publication Janvier 2019<br \/>Reliure broch\u00e9<br \/>Lien Internet : <a href=\"http:\/\/82joursalarmurier.fr\/edition\">82joursalarmurier.fr<\/a><\/p>\n<p>___________________________________________________________________<\/p>\n\n\n<figure class=\"wp-block-image size-full is-resized\"><img loading=\"lazy\" decoding=\"async\" width=\"544\" height=\"800\" src=\"https:\/\/laurentpernot.net\/fr\/wp-content\/uploads\/2025\/09\/laurentpernot_edition_francoise-heritier_couv_vignette.jpg\" alt=\"\" class=\"wp-image-5862\" style=\"width:307px;height:auto\" srcset=\"https:\/\/laurentpernot.net\/fr\/wp-content\/uploads\/2025\/09\/laurentpernot_edition_francoise-heritier_couv_vignette.jpg 544w, https:\/\/laurentpernot.net\/fr\/wp-content\/uploads\/2025\/09\/laurentpernot_edition_francoise-heritier_couv_vignette-136x200.jpg 136w\" sizes=\"auto, (max-width: 544px) 100vw, 544px\" \/><\/figure>\n\n\n\n<p><strong>FRAN\u00c7OISE H\u00c9RITIER<\/strong>, par Laurent Pernot<\/p>\n\n\n\n<p>\u00c9dition r\u00e9alis\u00e9e dans le cadre du 1% Artistique appliqu\u00e9 par le d\u00e9partement de la Seine-Saint-Denis en collaboration avec la Direction r\u00e9gionale des affaires culturelles d&#8217;\u00cele-de-France, et con\u00e7ue au sein du coll\u00e8ge Fran\u00e7oise H\u00e9ritier \u00e0 Noisy-le-Sec.<\/p>\n\n\n\n<p>Format W14 x H20.5cm, 128 pages<br>Impression couleur<br>Publication F\u00e9vrier 2022<br>ISBN 978-2-9582021-0-1<\/p>\n","protected":false},"excerpt":{"rendered":"<p>LAURENT PERNOT \/ EDITIONS DU REGARD Collection SAM ART PROJECTS Textes par Angelo Oswaldo de Araujo Santos, B\u00e9n\u00e9dicte Ramade R\u00e9alis\u00e9 avec le soutien de SAM Art Projects ; Galerie Odile Ouizeman Paris Fiche Technique Format W 17 x H 23 cm, 80 Pages Impression CouleurPublication Janvier 2012 Bilingue Fr\/En Pour tout demande relative \u00e0 l\u2019achat [&hellip;]<\/p>\n","protected":false},"author":1,"featured_media":0,"parent":0,"menu_order":0,"comment_status":"closed","ping_status":"closed","template":"","meta":{"footnotes":""},"class_list":["post-763","page","type-page","status-publish","hentry"],"_links":{"self":[{"href":"https:\/\/laurentpernot.net\/fr\/wp-json\/wp\/v2\/pages\/763","targetHints":{"allow":["GET"]}}],"collection":[{"href":"https:\/\/laurentpernot.net\/fr\/wp-json\/wp\/v2\/pages"}],"about":[{"href":"https:\/\/laurentpernot.net\/fr\/wp-json\/wp\/v2\/types\/page"}],"author":[{"embeddable":true,"href":"https:\/\/laurentpernot.net\/fr\/wp-json\/wp\/v2\/users\/1"}],"replies":[{"embeddable":true,"href":"https:\/\/laurentpernot.net\/fr\/wp-json\/wp\/v2\/comments?post=763"}],"version-history":[{"count":18,"href":"https:\/\/laurentpernot.net\/fr\/wp-json\/wp\/v2\/pages\/763\/revisions"}],"predecessor-version":[{"id":5865,"href":"https:\/\/laurentpernot.net\/fr\/wp-json\/wp\/v2\/pages\/763\/revisions\/5865"}],"wp:attachment":[{"href":"https:\/\/laurentpernot.net\/fr\/wp-json\/wp\/v2\/media?parent=763"}],"curies":[{"name":"wp","href":"https:\/\/api.w.org\/{rel}","templated":true}]}}